{"id":13188,"date":"2021-04-02T08:54:17","date_gmt":"2021-04-02T06:54:17","guid":{"rendered":"https:\/\/buddybites.be\/?page_id=13188"},"modified":"2021-06-07T16:59:39","modified_gmt":"2021-06-07T14:59:39","slug":"politique-de-confidentialite","status":"publish","type":"page","link":"https:\/\/buddybites.be\/fr\/politique-de-confidentialite\/","title":{"rendered":"Politique de confidentialit\u00e9"},"content":{"rendered":"\t\t<div data-elementor-type=\"wp-page\" data-elementor-id=\"13188\" class=\"elementor elementor-13188 elementor-201\" data-elementor-settings=\"[]\">\n\t\t\t\t\t\t<div class=\"elementor-inner\">\n\t\t\t\t\t\t\t<div class=\"elementor-section-wrap\">\n\t\t\t\t\t\t\t<section class=\"elementor-section elementor-top-section elementor-element elementor-element-26d4e0d elementor-section-height-min-height elementor-section-content-middle hero-bg elementor-hidden-desktop elementor-section-boxed elementor-section-height-default elementor-section-items-middle\" data-id=\"26d4e0d\" data-element_type=\"section\" data-settings=\"{&quot;background_background&quot;:&quot;classic&quot;}\">\n\t\t\t\t\t\t\t<div class=\"elementor-background-overlay\"><\/div>\n\t\t\t\t\t\t\t<div class=\"elementor-container elementor-column-gap-default\">\n\t\t\t\t\t\t\t<div class=\"elementor-row\">\n\t\t\t\t\t<div class=\"elementor-column elementor-col-100 elementor-top-column elementor-element elementor-element-b3224c5\" data-id=\"b3224c5\" data-element_type=\"column\">\n\t\t\t<div class=\"elementor-column-wrap elementor-element-populated\">\n\t\t\t\t\t\t\t<div class=\"elementor-widget-wrap\">\n\t\t\t\t\t\t<div class=\"elementor-element elementor-element-89542a3 elementor-widget elementor-widget-heading\" data-id=\"89542a3\" data-element_type=\"widget\" data-widget_type=\"heading.default\">\n\t\t\t\t<div class=\"elementor-widget-container\">\n\t\t\t<h1 class=\"elementor-heading-title elementor-size-large\"><h1 data-elementor-setting-key=\"title\" data-pen-placeholder=\"Hier typen...\" style=\"color: rgb(5, 32, 73);\">Politique de confidentialit\u00e9<\/h1><\/h1>\t\t<\/div>\n\t\t\t\t<\/div>\n\t\t\t\t\t\t<\/div>\n\t\t\t\t\t<\/div>\n\t\t<\/div>\n\t\t\t\t\t\t\t\t<\/div>\n\t\t\t\t\t<\/div>\n\t\t<\/section>\n\t\t\t\t<section class=\"elementor-section elementor-top-section elementor-element elementor-element-3b2df628 elementor-section-height-min-height elementor-section-content-middle hero-bg elementor-hidden-phone elementor-hidden-tablet elementor-section-boxed elementor-section-height-default elementor-section-items-middle\" data-id=\"3b2df628\" data-element_type=\"section\" data-settings=\"{&quot;background_background&quot;:&quot;classic&quot;}\">\n\t\t\t\t\t\t\t<div class=\"elementor-background-overlay\"><\/div>\n\t\t\t\t\t\t\t<div class=\"elementor-container elementor-column-gap-default\">\n\t\t\t\t\t\t\t<div class=\"elementor-row\">\n\t\t\t\t\t<div class=\"elementor-column elementor-col-100 elementor-top-column elementor-element elementor-element-397960d8\" data-id=\"397960d8\" data-element_type=\"column\">\n\t\t\t<div class=\"elementor-column-wrap elementor-element-populated\">\n\t\t\t\t\t\t\t<div class=\"elementor-widget-wrap\">\n\t\t\t\t\t\t<div class=\"elementor-element elementor-element-3d3efca9 elementor-widget elementor-widget-heading\" data-id=\"3d3efca9\" data-element_type=\"widget\" data-widget_type=\"heading.default\">\n\t\t\t\t<div class=\"elementor-widget-container\">\n\t\t\t<h1 class=\"elementor-heading-title elementor-size-default\">Politique de confidentialit\u00e9<\/h1>\t\t<\/div>\n\t\t\t\t<\/div>\n\t\t\t\t\t\t<\/div>\n\t\t\t\t\t<\/div>\n\t\t<\/div>\n\t\t\t\t\t\t\t\t<\/div>\n\t\t\t\t\t<\/div>\n\t\t<\/section>\n\t\t\t\t<section class=\"elementor-section elementor-top-section elementor-element elementor-element-1bbe3207 elementor-section-content-middle elementor-section-boxed elementor-section-height-default elementor-section-height-default\" data-id=\"1bbe3207\" data-element_type=\"section\">\n\t\t\t\t\t\t<div class=\"elementor-container elementor-column-gap-no\">\n\t\t\t\t\t\t\t<div class=\"elementor-row\">\n\t\t\t\t\t<div class=\"elementor-column elementor-col-100 elementor-top-column elementor-element elementor-element-19ae296b\" data-id=\"19ae296b\" data-element_type=\"column\">\n\t\t\t<div class=\"elementor-column-wrap elementor-element-populated\">\n\t\t\t\t\t\t\t<div class=\"elementor-widget-wrap\">\n\t\t\t\t\t\t<div class=\"elementor-element elementor-element-34b3842a elementor-widget elementor-widget-text-editor\" data-id=\"34b3842a\" data-element_type=\"widget\" data-widget_type=\"text-editor.default\">\n\t\t\t\t<div class=\"elementor-widget-container\">\n\t\t\t\t\t\t\t\t<div class=\"elementor-text-editor elementor-clearfix\">\n\t\t\t\t\t<p><strong>Le site web est la propri\u00e9t\u00e9 de la SARL The Petfood Company, ci-apr\u00e8s d\u00e9nomm\u00e9e BuddyBites.<\/strong><\/p>\t\t\t\t\t<\/div>\n\t\t\t\t\t\t<\/div>\n\t\t\t\t<\/div>\n\t\t\t\t<div class=\"elementor-element elementor-element-2e90a64f elementor-widget elementor-widget-heading\" data-id=\"2e90a64f\" data-element_type=\"widget\" data-widget_type=\"heading.default\">\n\t\t\t\t<div class=\"elementor-widget-container\">\n\t\t\t<h3 class=\"elementor-heading-title elementor-size-default\">Politique de confidentialit\u00e9<\/h3>\t\t<\/div>\n\t\t\t\t<\/div>\n\t\t\t\t<div class=\"elementor-element elementor-element-4f774e57 elementor-widget elementor-widget-text-editor\" data-id=\"4f774e57\" data-element_type=\"widget\" data-widget_type=\"text-editor.default\">\n\t\t\t\t<div class=\"elementor-widget-container\">\n\t\t\t\t\t\t\t\t<div class=\"elementor-text-editor elementor-clearfix\">\n\t\t\t\t\t<p><span style=\"font-weight: 400;\">Le responsable du traitement, BuddyBites, respecte la loi belge du 8 d\u00e9cembre 1992 relative \u00e0 la protection de la vie priv\u00e9e dans le traitement des donn\u00e9es \u00e0 caract\u00e8re personnel.<\/span><\/p><p><span style=\"font-weight: 400;\">Via la cr\u00e9ation d\u2019un compte utilisateur ou l\u2019inscription \u00e0 notre bulletin d\u2019informations, les donn\u00e9es \u00e0 caract\u00e8re personnel du consommateur sont stock\u00e9es dans la base de donn\u00e9es client de BuddyBites. Les donn\u00e9es personnelles re\u00e7ues ne se vendent jamais \u00e0 des tiers. Il arrive toutefois que nous partagions des donn\u00e9es personnelles dans le cadre de coop\u00e9rations, le cas \u00e9ch\u00e9ant, afin de pouvoir fournir le service que vous avez demand\u00e9. En tout \u00e9tat de cause, BuddyBites veille \u00e0 ce que ces parties offrent suffisamment de garanties en termes de protection des donn\u00e9es et de s\u00e9curit\u00e9.<\/span><\/p><p><span style=\"font-weight: 400;\">BuddyBites, le responsable du traitement, s\u2019engage \u00e0 prot\u00e9ger autant que possible la confidentialit\u00e9 de vos donn\u00e9es \u00e0 caract\u00e8re personnel, par le biais de consignes de s\u00e9curit\u00e9 techniques et d\u2019une politique de s\u00e9curit\u00e9 correcte pour ses employ\u00e9s.<\/span><\/p><p><span style=\"font-weight: 400;\">Vous disposez d\u2019un droit l\u00e9gal de consultation et de correction \u00e9ventuelle de vos donn\u00e9es personnelles. Sur pr\u00e9sentation d\u2019une pi\u00e8ce d&#8217;identit\u00e9 (copie de la carte d&#8217;identit\u00e9), vous pouvez obtenir gratuitement une notification \u00e9crite de vos donn\u00e9es personnelles en adressant une demande \u00e9crite, dat\u00e9e et sign\u00e9e \u00e0 BuddyBites, Venecolaan 44, Entrep\u00f4t G\/5, 9880 Aalter; <\/span><a href=\"mailto:info@buddybites.be\"><span style=\"font-weight: 400;\">info@buddybites.be<\/span><\/a><span style=\"font-weight: 400;\">. Le cas \u00e9ch\u00e9ant, vous pouvez \u00e9galement demander de corriger les donn\u00e9es qui seraient injustes, incompl\u00e8tes ou impertinentes.<\/span><\/p><p><span style=\"font-weight: 400;\">Bien que la plupart de l\u2019information pr\u00e9sente sur notre site web soit disponible sans devoir saisir des donn\u00e9es personnelles, il est possible que l\u2019on vous demande des informations personnelles. Vous avez le droit de vous opposer \u00e0 tout moment, sans aucun frais et sur demande, \u00e0 l\u2019utilisation de vos donn\u00e9es personnelles \u00e0 des fins de marketing direct. Pour ce faire, contactez BuddyBites, Venecolaan 44, Entrep\u00f4t G\/5, 9880 Aalter; <\/span><a href=\"mailto:info@buddybites.be\"><span style=\"font-weight: 400;\">info@buddybites.be<\/span><\/a><span style=\"font-weight: 400;\">. Veuillez noter que BuddyBites ne peut pas toujours garantir la suppression de vos donn\u00e9es \u00e0 caract\u00e8re personnel : si vous avez d\u00e9j\u00e0 \u00e9t\u00e9 client, par exemple, nous sommes oblig\u00e9s de conserver ces informations comptables jusqu\u2019\u00e0 7 ans apr\u00e8s votre dernier achat. Si nous ne sommes pas en mesure d\u2019\u00e9liminer (int\u00e9gralement) vos donn\u00e9es, il va de soi que nous le portons \u00e0 votre connaissance.<\/span><\/p>\t\t\t\t\t<\/div>\n\t\t\t\t\t\t<\/div>\n\t\t\t\t<\/div>\n\t\t\t\t<div class=\"elementor-element elementor-element-5bbaa925 elementor-widget elementor-widget-heading\" data-id=\"5bbaa925\" data-element_type=\"widget\" data-widget_type=\"heading.default\">\n\t\t\t\t<div class=\"elementor-widget-container\">\n\t\t\t<h3 class=\"elementor-heading-title elementor-size-default\">Utilisation de cookies et de balises Web<\/h3>\t\t<\/div>\n\t\t\t\t<\/div>\n\t\t\t\t<div class=\"elementor-element elementor-element-763d20f2 elementor-widget elementor-widget-text-editor\" data-id=\"763d20f2\" data-element_type=\"widget\" data-widget_type=\"text-editor.default\">\n\t\t\t\t<div class=\"elementor-widget-container\">\n\t\t\t\t\t\t\t\t<div class=\"elementor-text-editor elementor-clearfix\">\n\t\t\t\t\t<p>Lors d\u2019une visite sur notre site web, il se peut que des cookies soient enregistr\u00e9s sur le disque dur de votre ordinateur, dans le seul but d\u2019adapter le site aux besoins des visiteurs habituels. Les balises Web ne placent pas de fichiers sur votre appareil, mais peuvent collaborer avec les cookies pour \u00e9tudier l\u2019activit\u00e9 du site web.<\/p><p><strong>Cookies analytiques<br \/><\/strong><\/p><p>BuddyBites a recours \u00e0 Google Analytics afin de rassembler des informations. BuddyBites utilise ces donn\u00e9es afin d\u2019am\u00e9liorer le site web, d\u2019\u00e9tablir des statistiques et d\u2019appr\u00e9cier la popularit\u00e9 des diff\u00e9rentes rubriques du site. Vous pouvez bloquer l\u2019utilisation de cookies en s\u00e9lectionnant le r\u00e9glage appropri\u00e9 dans votre navigateur. Dans ce cas, il est possible que vous n\u2019ayez pas acc\u00e8s \u00e0 toutes les fonctionnalit\u00e9s du site web. En visitant ce site, vous autorisez le traitement de vos donn\u00e9es par Google de la mani\u00e8re et aux fins d\u00e9crites ci-dessus.<\/p><p><b>Cookies interaction avec le client<\/b><\/p><p><span style=\"font-weight: 400;\">Sur notre site web, vous pouvez entrer en contact avec nous de diff\u00e9rentes mani\u00e8res. Bon nombre de nos services de communication utilisent des cookies.<\/span><\/p><p><b>Cookies r\u00e9seaux sociaux<\/b><\/p><p><span style=\"font-weight: 400;\">Des widgets et boutons de r\u00e9seaux sociaux (Facebook, Instagram, Youtube) sont affich\u00e9s sur notre site. Ces boutons sont des morceaux de code du r\u00e9seau social en lui-m\u00eame, et ils utilisent des cookies. Ce cookie retient que vous vous \u00eates connect\u00e9 \u00e0 ce r\u00e9seau social, afin que vous n&#8217;ayez pas \u00e0 vous connecter chaque fois que vous souhaitez partager quelque chose. En installant un programme tel que \u00ab Disconnect \u00bb sur Chrome et Firefox, vous pouvez d\u00e9sactiver cette fonction.<\/span><\/p><p><b>Cookies publicitaires<\/b><\/p><p><span style=\"font-weight: 400;\">BuddyBites a recours \u00e0 des cookies publicitaires sur le site web afin de rendre l\u2019offre plus int\u00e9ressante. Cela permet de proposer, sur d\u2019autres sites, une publicit\u00e9 aux utilisateurs ayant d\u00e9j\u00e0 montr\u00e9 un certain int\u00e9r\u00eat pour les produits.<\/span><\/p>\t\t\t\t\t<\/div>\n\t\t\t\t\t\t<\/div>\n\t\t\t\t<\/div>\n\t\t\t\t<div class=\"elementor-element elementor-element-38d49630 elementor-widget elementor-widget-heading\" data-id=\"38d49630\" data-element_type=\"widget\" data-widget_type=\"heading.default\">\n\t\t\t\t<div class=\"elementor-widget-container\">\n\t\t\t<h3 class=\"elementor-heading-title elementor-size-default\">Limitation de responsabilit\u00e9\n<\/h3>\t\t<\/div>\n\t\t\t\t<\/div>\n\t\t\t\t<div class=\"elementor-element elementor-element-22994ccc elementor-widget elementor-widget-text-editor\" data-id=\"22994ccc\" data-element_type=\"widget\" data-widget_type=\"text-editor.default\">\n\t\t\t\t<div class=\"elementor-widget-container\">\n\t\t\t\t\t\t\t\t<div class=\"elementor-text-editor elementor-clearfix\">\n\t\t\t\t\t<p><span style=\"font-weight: 400;\">BuddyBites s&#8217;efforce de garantir que l\u2019information pr\u00e9sent\u00e9e sur ce site web est juste, exhaustive, pr\u00e9cise et \u00e0 jour. En d\u00e9pit de ces efforts, il se peut toujours que des erreurs se glissent dans l\u2019information propos\u00e9e. Si l\u2019information pr\u00e9sent\u00e9e contient des erreurs ou si certaines informations ne sont pas disponibles sur le site, BuddyBites redoublera d\u2019efforts pour les corriger dans les plus brefs d\u00e9lais. Cependant, BuddyBites ne peut pas \u00eatre tenue responsable de tout dommage (in)direct survenu suite \u00e0 l\u2019utilisation de l\u2019information sur le site web. N&#8217;h\u00e9sitez pas \u00e0 prendre contact avec nous si vous retrouvez des erreurs dans l\u2019information sur ce site.<\/span><\/p><p><span style=\"font-weight: 400;\">Le contenu de ce site web peut \u00e0 tout moment \u00eatre modifi\u00e9, adapt\u00e9 ou compl\u00e9t\u00e9 sans avertissement ni communication. BuddyBites ne donne aucune garantie sur le fonctionnement du site web et ne peut en aucun cas \u00eatre tenue responsable d\u2019une panne ou d\u2019une indisponibilit\u00e9 temporaire du site, ainsi que pour toute sorte de dommage (in)direct survenu d\u00e9coulant de l\u2019acc\u00e8s au site ou de son utilisation.<\/span><\/p><p><span style=\"font-weight: 400;\">BuddyBites ne peut en aucun cas \u00eatre tenue responsable de mani\u00e8re (in)directe pour quelconque dommage r\u00e9sultant de l\u2019utilisation de ce site web ou d&#8217;un autre, y compris les liens ou liens hypertextes, en ce compris toute perte, cessation de travail, dommage au logiciel ou autres donn\u00e9es du syst\u00e8me informatique, du dispositif, du logiciel ou de toute autre propri\u00e9t\u00e9 de l\u2019utilisateur.<\/span><\/p><p><span style=\"font-weight: 400;\">BuddyBites affirme express\u00e9ment que nous n\u2019avons aucun contr\u00f4le sur le contenu ou autres caract\u00e9ristiques de ce site web et que nous ne pouvons en aucun cas \u00eatre tenus responsable de leur contenu ou leurs caract\u00e9ristiques ou de tout dommage r\u00e9sultant de son utilisation.<\/span><\/p>\t\t\t\t\t<\/div>\n\t\t\t\t\t\t<\/div>\n\t\t\t\t<\/div>\n\t\t\t\t<div class=\"elementor-element elementor-element-8419f44 elementor-widget elementor-widget-heading\" data-id=\"8419f44\" data-element_type=\"widget\" data-widget_type=\"heading.default\">\n\t\t\t\t<div class=\"elementor-widget-container\">\n\t\t\t<h3 class=\"elementor-heading-title elementor-size-default\">Annexe 1 : Formulaire standard de r\u00e9tractation<\/h3>\t\t<\/div>\n\t\t\t\t<\/div>\n\t\t\t\t<div class=\"elementor-element elementor-element-66ca6ae elementor-widget elementor-widget-text-editor\" data-id=\"66ca6ae\" data-element_type=\"widget\" data-widget_type=\"text-editor.default\">\n\t\t\t\t<div class=\"elementor-widget-container\">\n\t\t\t\t\t\t\t\t<div class=\"elementor-text-editor elementor-clearfix\">\n\t\t\t\t\t<p><span style=\"font-weight: 400;\">Cher Client, vous ne devez compl\u00e9ter et renvoyer ce formulaire que si vous souhaitez vous r\u00e9tracter du contrat.<\/span><\/p><p><span style=\"font-weight: 400;\">\u00c0 l\u2019attention de BuddyBites, Jan Van Ruusbroeclaan 10, 8500 Courtrai; <\/span><a href=\"mailto:info@buddybites.be\"><span style=\"font-weight: 400;\">info@buddybites.be<\/span><\/a><span style=\"font-weight: 400;\">:<\/span><span style=\"font-weight: 400;\"><br \/><\/span><span style=\"font-weight: 400;\">Je vous communique par la pr\u00e9sente que je me r\u00e9tracte du contrat concernant l\u2019achat des biens suivants\/la livraison du service suivant:<\/span><span style=\"font-weight: 400;\"><br \/><\/span><span style=\"font-weight: 400;\">Re\u00e7u le:<\/span><span style=\"font-weight: 400;\"><br \/><\/span><span style=\"font-weight: 400;\">Nom du client:<\/span><span style=\"font-weight: 400;\"><br \/><\/span><span style=\"font-weight: 400;\">Adresse du client:<br \/><\/span><span style=\"font-weight: 400;\">Signature du client:<\/span><span style=\"font-weight: 400;\"><br \/><\/span><span style=\"font-weight: 400;\">Date:<\/span><\/p>\t\t\t\t\t<\/div>\n\t\t\t\t\t\t<\/div>\n\t\t\t\t<\/div>\n\t\t\t\t\t\t<\/div>\n\t\t\t\t\t<\/div>\n\t\t<\/div>\n\t\t\t\t\t\t\t\t<\/div>\n\t\t\t\t\t<\/div>\n\t\t<\/section>\n\t\t\t\t\t\t<\/div>\n\t\t\t\t\t\t<\/div>\n\t\t\t\t\t<\/div>\n\t\t","protected":false},"excerpt":{"rendered":"<p>Politique de confidentialit\u00e9 Politique de confidentialit\u00e9 Le site web est la propri\u00e9t\u00e9 de la SARL The Petfood Company, ci-apr\u00e8s d\u00e9nomm\u00e9e BuddyBites. Politique de confidentialit\u00e9 Le responsable du traitement, BuddyBites, respecte la loi belge du 8 d\u00e9cembre 1992 relative \u00e0 la protection de la vie priv\u00e9e dans le traitement des donn\u00e9es \u00e0 caract\u00e8re personnel. Via la &hellip; <\/p>\n<p class=\"link-more\"><a href=\"https:\/\/buddybites.be\/fr\/politique-de-confidentialite\/\" class=\"more-link\">Continuer la lecture <span class=\"screen-reader-text\"> \u00ab\u00a0Politique de confidentialit\u00e9\u00a0\u00bb<\/span><\/a><\/p>\n","protected":false},"author":2,"featured_media":0,"parent":0,"menu_order":0,"comment_status":"closed","ping_status":"closed","template":"elementor_header_footer","meta":{"_eb_attr":""},"yoast_head":"<!-- This site is optimized with the Yoast SEO plugin v17.7.1 - https:\/\/yoast.com\/wordpress\/plugins\/seo\/ -->\n<title>Politique de confidentialit\u00e9 - BuddyBites<\/title>\n<meta name=\"description\" content=\"Politique de confidentialit\u00e9\" \/>\n<meta name=\"robots\" content=\"noindex, follow\" \/>\n<meta property=\"og:locale\" content=\"fr_FR\" \/>\n<meta property=\"og:type\" content=\"article\" \/>\n<meta property=\"og:title\" content=\"Politique de confidentialit\u00e9 - BuddyBites\" \/>\n<meta property=\"og:description\" content=\"Politique de confidentialit\u00e9\" \/>\n<meta property=\"og:url\" content=\"https:\/\/buddybites.be\/fr\/politique-de-confidentialite\/\" \/>\n<meta property=\"og:site_name\" content=\"BuddyBites\" \/>\n<meta property=\"article:modified_time\" content=\"2021-06-07T14:59:39+00:00\" \/>\n<meta name=\"twitter:card\" content=\"summary_large_image\" \/>\n<meta name=\"twitter:label1\" content=\"Dur\u00e9e de lecture estim\u00e9e\" \/>\n\t<meta name=\"twitter:data1\" content=\"5 minutes\" \/>\n<!-- \/ Yoast SEO plugin. -->","yoast_head_json":{"title":"Politique de confidentialit\u00e9 - BuddyBites","description":"Politique de confidentialit\u00e9","robots":{"index":"noindex","follow":"follow"},"og_locale":"fr_FR","og_type":"article","og_title":"Politique de confidentialit\u00e9 - BuddyBites","og_description":"Politique de confidentialit\u00e9","og_url":"https:\/\/buddybites.be\/fr\/politique-de-confidentialite\/","og_site_name":"BuddyBites","article_modified_time":"2021-06-07T14:59:39+00:00","twitter_card":"summary_large_image","twitter_misc":{"Dur\u00e9e de lecture estim\u00e9e":"5 minutes"},"schema":{"@context":"https:\/\/schema.org","@graph":[{"@type":"Organization","@id":"https:\/\/buddybites.be\/nl\/#organization","name":"BuddyBites","url":"https:\/\/buddybites.be\/nl\/","sameAs":[],"logo":{"@type":"ImageObject","@id":"https:\/\/buddybites.be\/nl\/#logo","inLanguage":"fr-FR","url":"https:\/\/buddybites.be\/wp-content\/uploads\/2020\/03\/logo.svg","contentUrl":"https:\/\/buddybites.be\/wp-content\/uploads\/2020\/03\/logo.svg","caption":"BuddyBites"},"image":{"@id":"https:\/\/buddybites.be\/nl\/#logo"}},{"@type":"WebSite","@id":"https:\/\/buddybites.be\/nl\/#website","url":"https:\/\/buddybites.be\/nl\/","name":"BuddyBites","description":"persoonlijke hondenvoeding, gratis geleverd","publisher":{"@id":"https:\/\/buddybites.be\/nl\/#organization"},"potentialAction":[{"@type":"SearchAction","target":{"@type":"EntryPoint","urlTemplate":"https:\/\/buddybites.be\/nl\/?s={search_term_string}"},"query-input":"required name=search_term_string"}],"inLanguage":"fr-FR"},{"@type":"WebPage","@id":"https:\/\/buddybites.be\/fr\/politique-de-confidentialite\/#webpage","url":"https:\/\/buddybites.be\/fr\/politique-de-confidentialite\/","name":"Politique de confidentialit\u00e9 - BuddyBites","isPartOf":{"@id":"https:\/\/buddybites.be\/nl\/#website"},"datePublished":"2021-04-02T06:54:17+00:00","dateModified":"2021-06-07T14:59:39+00:00","description":"Politique de confidentialit\u00e9","breadcrumb":{"@id":"https:\/\/buddybites.be\/fr\/politique-de-confidentialite\/#breadcrumb"},"inLanguage":"fr-FR","potentialAction":[{"@type":"ReadAction","target":["https:\/\/buddybites.be\/fr\/politique-de-confidentialite\/"]}]},{"@type":"BreadcrumbList","@id":"https:\/\/buddybites.be\/fr\/politique-de-confidentialite\/#breadcrumb","itemListElement":[{"@type":"ListItem","position":1,"name":"Home","item":"https:\/\/buddybites.be\/fr\/"},{"@type":"ListItem","position":2,"name":"Politique de confidentialit\u00e9"}]}]}},"_links":{"self":[{"href":"https:\/\/buddybites.be\/fr\/wp-json\/wp\/v2\/pages\/13188"}],"collection":[{"href":"https:\/\/buddybites.be\/fr\/wp-json\/wp\/v2\/pages"}],"about":[{"href":"https:\/\/buddybites.be\/fr\/wp-json\/wp\/v2\/types\/page"}],"author":[{"embeddable":true,"href":"https:\/\/buddybites.be\/fr\/wp-json\/wp\/v2\/users\/2"}],"replies":[{"embeddable":true,"href":"https:\/\/buddybites.be\/fr\/wp-json\/wp\/v2\/comments?post=13188"}],"version-history":[{"count":201,"href":"https:\/\/buddybites.be\/fr\/wp-json\/wp\/v2\/pages\/13188\/revisions"}],"predecessor-version":[{"id":18199,"href":"https:\/\/buddybites.be\/fr\/wp-json\/wp\/v2\/pages\/13188\/revisions\/18199"}],"wp:attachment":[{"href":"https:\/\/buddybites.be\/fr\/wp-json\/wp\/v2\/media?parent=13188"}],"curies":[{"name":"wp","href":"https:\/\/api.w.org\/{rel}","templated":true}]}}